{"id":249548,"date":"2022-04-01T10:23:06","date_gmt":"2022-04-01T15:23:06","guid":{"rendered":"https:\/\/education.truckersagainsttrafficking.org\/?page_id=249548"},"modified":"2022-04-01T10:23:28","modified_gmt":"2022-04-01T15:23:28","slug":"movers-and-in-home-delivery-course","status":"publish","type":"page","link":"https:\/\/education.truckersagainsttrafficking.org\/es\/movers-and-in-home-delivery-course\/","title":{"rendered":"Curso para Profesionales de Mudanzas y Entregas a Domicilio"},"content":{"rendered":"<div data-vc-full-width=\"true\"  data-vc-full-width-init=\"false\"  class=\"vc_row wpb_row vc_row-fluid\"><div class=\"wpb_column vc_column_container vc_col-sm-12\"><div class=\"vc_column-inner\"><div class=\"wpb_wrapper\">\n\t<div class=\"wpb_text_column wpb_content_element\" >\n\t\t<div class=\"wpb_wrapper\">\n\t\t\t<h2 style=\"font-size: 2.2em; font-family: 'Open Sans'  , Helvetica, Arial, sans-serif; font-weight: bold; font-style: normal; text-transform: uppercase; padding: 0 5%;\">Cursos para Profesionales de Mudanzas y Entregas a Domicilio.<\/h2>\n\n\t\t<\/div>\n\t<\/div>\n\n\t<div class=\"wpb_text_column wpb_content_element  tat-course-description\" >\n\t\t<div class=\"wpb_wrapper\">\n\t\t\t<p style=\"font-size: 1rem; line-height: 1.5rem; padding: 0 5%;\">Para completar estos programas de certificaci\u00f3n, debes demostrar tu conocimiento sobre el problema de la trata de personas y c\u00f3mo un profesional de mudanzas y entregas a domicilio, como t\u00fa, puede desempe\u00f1ar un papel vital en la lucha contra este delito.<\/p>\n\n\t\t<\/div>\n\t<\/div>\n\n\t<div class=\"wpb_text_column wpb_content_element\" >\n\t\t<div class=\"wpb_wrapper\">\n\t\t\t<div class=\"llms-loop\" >\n\t<ul class=\"llms-loop-list llms-In-Home Delivery Drivers-list cols-3\">\n<li class=\"llms-loop-item post-247383 course type-course status-publish has-post-thumbnail hentry course_cat-delivery not-enrolled is-complete\">\r\n\t<div class=\"llms-loop-item-content\">\r\n\r\n\t<a class=\"llms-loop-link\"   href=\"https:\/\/education.truckersagainsttrafficking.org\/es\/course\/movers-in-home-delivery-english\/\">\r\n\t<img src=\"https:\/\/education.truckersagainsttrafficking.org\/wp-content\/uploads\/2022\/03\/Movers-and-In-Home-Delivery-Course-Cover-2.jpg\"   alt=\"Movers\/In-Home Delivery &#8211; English\"   class=\"llms-featured-image wp-post-image\">\r\n\t<h4 class=\"llms-loop-title\">Movers\/In-Home Delivery &#8211; English<\/h4>\r\n\r\n\t<footer class=\"llms-loop-item-footer\">\r\n\t\t\r\n\t\t<span class=\"llms-button llms-purchase-button\">Ver curso<\/span>\r\n\t\t\t<\/footer>\r\n\r\n\t<\/a><!-- .llms-loop-link -->\r\n\t<\/div><!-- .llms-loop-item-content -->\r\n<\/li><!-- .llms-loop-item -->\r\n<li class=\"llms-loop-item post-268686 course type-course status-publish has-post-thumbnail hentry course_cat-delivery not-enrolled is-complete\">\r\n\t<div class=\"llms-loop-item-content\">\r\n\r\n\t<a class=\"llms-loop-link\"   href=\"https:\/\/education.truckersagainsttrafficking.org\/es\/course\/programa-de-certificacion-de-profesionales-de-mudanzas-y-entregas-a-domicilio-espanol\/\">\r\n\t<img src=\"https:\/\/education.truckersagainsttrafficking.org\/wp-content\/uploads\/2022\/03\/Movers-and-In-Home-Delivery-Course-Cover-2.jpg\"   alt=\"Programa de Certificaci\u00f3n de Profesionales de Mudanzas y Entregas a Domicilio &#8211; Espa\u00f1ol\"   class=\"llms-featured-image wp-post-image\">\r\n\t<h4 class=\"llms-loop-title\">Programa de Certificaci\u00f3n de Profesionales de Mudanzas y Entregas a Domicilio &#8211; Espa\u00f1ol<\/h4>\r\n\r\n\t<footer class=\"llms-loop-item-footer\">\r\n\t\t\r\n\t\t<span class=\"llms-button llms-purchase-button\">Ver curso<\/span>\r\n\t\t\t<\/footer>\r\n\r\n\t<\/a><!-- .llms-loop-link -->\r\n\t<\/div><!-- .llms-loop-item-content -->\r\n<\/li><!-- .llms-loop-item -->\r\n\t<\/ul>\n<\/div><!-- .llms-loop -->\n\n\n\t\t<\/div>\n\t<\/div>\n<\/div><\/div><\/div><\/div><div class=\"vc_row-full-width vc_clearfix\"><\/div>","protected":false},"excerpt":{"rendered":"<p>Course Information Categories: In-Home Delivery Drivers &nbsp; &nbsp; Take This Course Curso de Certificaci\u00f3n para\u00a0Profesionales de Mudanzas y Entregas a Domicilio 1 of 1 Mire el v\u00eddeo de capacitaci\u00f3n y tome la prueba Demuestre su conocimiento sobre el tema de la trata de personas y c\u00f3mo, espec\u00edficamente, un profesionales de mudanzas y entregas a domicilio [&hellip;]<\/p>","protected":false},"author":1,"featured_media":0,"parent":0,"menu_order":0,"comment_status":"closed","ping_status":"closed","template":"","meta":[],"_links":{"self":[{"href":"https:\/\/education.truckersagainsttrafficking.org\/es\/wp-json\/wp\/v2\/pages\/249548"}],"collection":[{"href":"https:\/\/education.truckersagainsttrafficking.org\/es\/wp-json\/wp\/v2\/pages"}],"about":[{"href":"https:\/\/education.truckersagainsttrafficking.org\/es\/wp-json\/wp\/v2\/types\/page"}],"author":[{"embeddable":true,"href":"https:\/\/education.truckersagainsttrafficking.org\/es\/wp-json\/wp\/v2\/users\/1"}],"replies":[{"embeddable":true,"href":"https:\/\/education.truckersagainsttrafficking.org\/es\/wp-json\/wp\/v2\/comments?post=249548"}],"version-history":[{"count":3,"href":"https:\/\/education.truckersagainsttrafficking.org\/es\/wp-json\/wp\/v2\/pages\/249548\/revisions"}],"predecessor-version":[{"id":249552,"href":"https:\/\/education.truckersagainsttrafficking.org\/es\/wp-json\/wp\/v2\/pages\/249548\/revisions\/249552"}],"wp:attachment":[{"href":"https:\/\/education.truckersagainsttrafficking.org\/es\/wp-json\/wp\/v2\/media?parent=249548"}],"curies":[{"name":"wp","href":"https:\/\/api.w.org\/{rel}","templated":true}]}}