{"id":2448,"date":"2015-05-05T22:52:47","date_gmt":"2015-05-05T22:52:47","guid":{"rendered":"http:\/\/education.truckersagainsttrafficking.org\/?page_id=2448"},"modified":"2024-03-21T20:30:43","modified_gmt":"2024-03-22T00:30:43","slug":"tat-human-trafficking-wallet-card","status":"publish","type":"page","link":"https:\/\/education.truckersagainsttrafficking.org\/es\/tat-human-trafficking-wallet-card\/","title":{"rendered":"TAT Wallet Card &#8211; Human Trafficking Wallet Card"},"content":{"rendered":"<p><section data-vc-full-width=\"true\"   data-vc-full-width-init=\"false\"   class=\"vc_section vc_section-o-content-middle vc_section-flex\"><div data-vc-full-width=\"true\"   data-vc-full-width-init=\"false\"   data-vc-stretch-content=\"true\"   class=\"vc_row wpb_row vc_row-fluid app-icons\"><div class=\"wpb_column vc_column_container vc_col-sm-12\"><div class=\"vc_column-inner\"><div class=\"wpb_wrapper\"><h4 style=\"text-align: center\"   class=\"vc_custom_heading wpb_animate_when_almost_visible wpb_fadeInUp fadeInUp\" >Descarga e imprime la tarjeta de TAT.<\/h4>\n\t<div class=\"wpb_text_column wpb_content_element  wpb_animate_when_almost_visible wpb_fadeInUp fadeInUp\" >\n\t\t<div class=\"wpb_wrapper\">\n\t\t\t<p style=\"text-align: center;\">Utiliza la tarjeta de TAT para mantenerte alerta y tomar medidas cuando sospeches de trata de personas.<\/p>\n<p style=\"text-align: center;\">Si deseas una copia impresa, env\u00edanos un correo a <a href=\"mailto:education@tatnonprofit.org\" target=\"_blank\" rel=\"noopener\">education@tatnonprofit.org<\/a> con su direcci\u00f3n.<\/p>\n\n\t\t<\/div>\n\t<\/div>\n<\/div><\/div><\/div><\/div><div class=\"vc_row-full-width vc_clearfix\"><\/div><div class=\"vc_row wpb_row vc_row-fluid\"><div class=\"wpb_column vc_column_container vc_col-sm-12\"><div class=\"vc_column-inner\"><div class=\"wpb_wrapper\"><div class=\"vc_empty_space\"     style=\"height: 100px\"><span class=\"vc_empty_space_inner\"><\/span><\/div><\/div><\/div><\/div><\/div><div class=\"vc_row wpb_row vc_row-fluid wpb_animate_when_almost_visible wpb_fadeInUp fadeInUp\"><div class=\"wpb_column vc_column_container vc_col-sm-4\"><div class=\"vc_column-inner\"><div class=\"wpb_wrapper\">\n\t<div  class=\"wpb_single_image wpb_content_element vc_align_center\">\n\t\t\n\t\t<figure class=\"wpb_wrapper vc_figure\">\n\t\t\t<a href=\"https:\/\/education.truckersagainsttrafficking.org\/wp-content\/uploads\/2024\/03\/over_the_road_wallet_card.pdf\"   target=\"_blank\"   class=\"vc_single_image-wrapper vc_box_shadow  vc_box_border_grey\"><img width=\"300\"   height=\"125\"   src=\"https:\/\/education.truckersagainsttrafficking.org\/wp-content\/uploads\/2024\/03\/over_the_road_wallet_card-300x125.webp\"   class=\"vc_single_image-img attachment-medium\"   alt=\"\"   loading=\"lazy\"   srcset=\"https:\/\/education.truckersagainsttrafficking.org\/wp-content\/uploads\/2024\/03\/over_the_road_wallet_card-300x125.webp 300w, https:\/\/education.truckersagainsttrafficking.org\/wp-content\/uploads\/2024\/03\/over_the_road_wallet_card-768x320.webp 768w, https:\/\/education.truckersagainsttrafficking.org\/wp-content\/uploads\/2024\/03\/over_the_road_wallet_card-18x7.webp 18w, https:\/\/education.truckersagainsttrafficking.org\/wp-content\/uploads\/2024\/03\/over_the_road_wallet_card-624x260.webp 624w, https:\/\/education.truckersagainsttrafficking.org\/wp-content\/uploads\/2024\/03\/over_the_road_wallet_card.webp 800w\"   sizes=\"(max-width: 300px) 100vw, 300px\" \/><\/a>\n\t\t<\/figure>\n\t<\/div>\n<div class=\"vc_btn3-container vc_btn3-center\" ><a class=\"vc_general vc_btn3 vc_btn3-size-lg vc_btn3-shape-rounded vc_btn3-style-modern vc_btn3-icon-right vc_btn3-color-info\"   href=\"https:\/\/education.truckersagainsttrafficking.org\/wp-content\/uploads\/2024\/03\/over_the_road_wallet_card.pdf\"   title=\"\"   target=\"_blank\">Tarjeta de bolsillo para conductores de larga distancia <i class=\"vc_btn3-icon fas fa-arrow-circle-down\"><\/i><\/a><\/div><\/div><\/div><\/div><div class=\"wpb_column vc_column_container vc_col-sm-4\" ><div class=\"vc_column-inner\"><div class=\"wpb_wrapper\">\n\t<div  class=\"wpb_single_image wpb_content_element vc_align_center\">\n\t\t\n\t\t<figure class=\"wpb_wrapper vc_figure\">\n\t\t\t<a href=\"https:\/\/education.truckersagainsttrafficking.org\/wp-content\/uploads\/2024\/03\/local_driver_wallet_card.pdf\"   target=\"_self\"   class=\"vc_single_image-wrapper vc_box_shadow  vc_box_border_grey\"><img width=\"300\"   height=\"125\"   src=\"https:\/\/education.truckersagainsttrafficking.org\/wp-content\/uploads\/2024\/03\/local_driver_wallet_card-300x125.webp\"   class=\"vc_single_image-img attachment-medium\"   alt=\"\"   loading=\"lazy\"   srcset=\"https:\/\/education.truckersagainsttrafficking.org\/wp-content\/uploads\/2024\/03\/local_driver_wallet_card-300x125.webp 300w, https:\/\/education.truckersagainsttrafficking.org\/wp-content\/uploads\/2024\/03\/local_driver_wallet_card-768x320.webp 768w, https:\/\/education.truckersagainsttrafficking.org\/wp-content\/uploads\/2024\/03\/local_driver_wallet_card-18x7.webp 18w, https:\/\/education.truckersagainsttrafficking.org\/wp-content\/uploads\/2024\/03\/local_driver_wallet_card-624x260.webp 624w, https:\/\/education.truckersagainsttrafficking.org\/wp-content\/uploads\/2024\/03\/local_driver_wallet_card.webp 800w\"   sizes=\"(max-width: 300px) 100vw, 300px\" \/><\/a>\n\t\t<\/figure>\n\t<\/div>\n<div class=\"vc_btn3-container vc_btn3-center\" ><a class=\"vc_general vc_btn3 vc_btn3-size-lg vc_btn3-shape-rounded vc_btn3-style-modern vc_btn3-icon-right vc_btn3-color-info\"   href=\"https:\/\/education.truckersagainsttrafficking.org\/wp-content\/uploads\/2024\/03\/local_driver_wallet_card.pdf\"   title=\"\"   target=\"_blank\">Tarjeta de bolsillo para conductores locales. <i class=\"vc_btn3-icon fas fa-arrow-circle-down\"><\/i><\/a><\/div><\/div><\/div><\/div><div class=\"wpb_column vc_column_container vc_col-sm-4\"><div class=\"vc_column-inner\"><div class=\"wpb_wrapper\">\n\t<div  class=\"wpb_single_image wpb_content_element vc_align_center\">\n\t\t\n\t\t<figure class=\"wpb_wrapper vc_figure\">\n\t\t\t<a href=\"https:\/\/education.truckersagainsttrafficking.org\/wp-content\/uploads\/2024\/03\/motorcoach_transit_wallet_card.pdf\"   target=\"_self\"   class=\"vc_single_image-wrapper vc_box_shadow  vc_box_border_grey\"><img width=\"300\"   height=\"125\"   src=\"https:\/\/education.truckersagainsttrafficking.org\/wp-content\/uploads\/2024\/03\/motorcoach_transit_wallet_card-300x125.webp\"   class=\"vc_single_image-img attachment-medium\"   alt=\"\"   loading=\"lazy\"   srcset=\"https:\/\/education.truckersagainsttrafficking.org\/wp-content\/uploads\/2024\/03\/motorcoach_transit_wallet_card-300x125.webp 300w, https:\/\/education.truckersagainsttrafficking.org\/wp-content\/uploads\/2024\/03\/motorcoach_transit_wallet_card-768x320.webp 768w, https:\/\/education.truckersagainsttrafficking.org\/wp-content\/uploads\/2024\/03\/motorcoach_transit_wallet_card-18x7.webp 18w, https:\/\/education.truckersagainsttrafficking.org\/wp-content\/uploads\/2024\/03\/motorcoach_transit_wallet_card-624x260.webp 624w, https:\/\/education.truckersagainsttrafficking.org\/wp-content\/uploads\/2024\/03\/motorcoach_transit_wallet_card.webp 800w\"   sizes=\"(max-width: 300px) 100vw, 300px\" \/><\/a>\n\t\t<\/figure>\n\t<\/div>\n<div class=\"vc_btn3-container vc_btn3-center\" ><a class=\"vc_general vc_btn3 vc_btn3-size-lg vc_btn3-shape-rounded vc_btn3-style-modern vc_btn3-icon-right vc_btn3-color-info\"   href=\"https:\/\/education.truckersagainsttrafficking.org\/wp-content\/uploads\/2024\/03\/motorcoach_transit_wallet_card.pdf\"   title=\"\"   target=\"_blank\">Tarjeta de bolsillo para autobuses de turismo y transporte p\u00fablico <i class=\"vc_btn3-icon fas fa-arrow-circle-down\"><\/i><\/a><\/div><\/div><\/div><\/div><\/div><div class=\"vc_row wpb_row vc_row-fluid\"  ><div class=\"wpb_column vc_column_container vc_col-sm-12\"><div class=\"vc_column-inner\"><div class=\"wpb_wrapper\"><div class=\"vc_empty_space\"     style=\"height: 100px\"><span class=\"vc_empty_space_inner\"><\/span><\/div><\/div><\/div><\/div><\/div><\/section><div class=\"vc_row-full-width vc_clearfix\"><\/div><section data-vc-full-width=\"true\"   data-vc-full-width-init=\"false\"   class=\"vc_section vc_custom_1711066559461 vc_section-has-fill\"><div data-vc-full-width=\"true\"   data-vc-full-width-init=\"false\"   data-vc-stretch-content=\"true\"   class=\"vc_row wpb_row vc_row-fluid app-icons wpb_animate_when_almost_visible wpb_fadeInUp fadeInUp\"><div class=\"wpb_column vc_column_container vc_col-sm-12\"><div class=\"vc_column-inner\"><div class=\"wpb_wrapper\"><h4 style=\"text-align: center\"   class=\"vc_custom_heading wpb_animate_when_almost_visible wpb_fadeInUp fadeInUp\" >\u00bfSab\u00edas que TAT tiene una app?<\/h4>\n\t<div class=\"wpb_text_column wpb_content_element  wpb_animate_when_almost_visible wpb_fadeInUp fadeInUp\" >\n\t\t<div class=\"wpb_wrapper\">\n\t\t\t<p style=\"text-align: center;\">Desde conductores de autobuses hasta camiones de larga distancia, TAT tiene una app para ti.<\/p>\n\n\t\t<\/div>\n\t<\/div>\n<\/div><\/div><\/div><\/div><div class=\"vc_row-full-width vc_clearfix\"><\/div><div id=\"app-icons\"   data-vc-full-width=\"true\"   data-vc-full-width-init=\"false\"   class=\"vc_row wpb_row vc_row-fluid app-icons wpb_animate_when_almost_visible wpb_fadeInUp fadeInUp vc_custom_1711064181844 vc_column-gap-10 vc_row-o-equal-height vc_row-flex\"><div class=\"wpb_column vc_column_container vc_col-sm-4\"><div class=\"vc_column-inner\"><div class=\"wpb_wrapper\"><div class=\"vc_icon_element vc_icon_element-outer vc_icon_element-align-center\"><div class=\"vc_icon_element-inner vc_icon_element-color-custom vc_icon_element-size-lg vc_icon_element-style- vc_icon_element-background-color-grey\" ><span class=\"vc_icon_element-icon fas fa-bullhorn\"   style=\"color:#083b72 !important\"><\/span><\/div><\/div><h4 style=\"text-align: center\"   class=\"vc_custom_heading\"  >Reporta la trata de personas.<\/h4>\n\t<div class=\"wpb_text_column wpb_content_element\" >\n\t\t<div class=\"wpb_wrapper\">\n\t\t\t<p style=\"text-align: center;\">Reporta casos de trata de personas directamente desde tu dispositivo.<\/p>\n\n\t\t<\/div>\n\t<\/div>\n<\/div><\/div><\/div><div class=\"wpb_column vc_column_container vc_col-sm-4\"><div class=\"vc_column-inner\"><div class=\"wpb_wrapper\"><div class=\"vc_icon_element vc_icon_element-outer vc_icon_element-align-center\"><div class=\"vc_icon_element-inner vc_icon_element-color-custom vc_icon_element-size-lg vc_icon_element-style- vc_icon_element-background-color-grey\"   ><span class=\"vc_icon_element-icon fas fa-flag\"   style=\"color:#083b72 !important\"><\/span><\/div><\/div><h4 style=\"text-align: center\"   class=\"vc_custom_heading\" >Descubre se\u00f1ales de alerta.<\/h4>\n\t<div class=\"wpb_text_column wpb_content_element\" >\n\t\t<div class=\"wpb_wrapper\">\n\t\t\t<p style=\"text-align: center;\">Consulta las se\u00f1ales de alerta espec\u00edficas de tu industria.<\/p>\n\n\t\t<\/div>\n\t<\/div>\n<\/div><\/div><\/div><div class=\"wpb_column vc_column_container vc_col-sm-4\"><div class=\"vc_column-inner\"><div class=\"wpb_wrapper\"><div class=\"vc_icon_element vc_icon_element-outer vc_icon_element-align-center\"><div class=\"vc_icon_element-inner vc_icon_element-color-custom vc_icon_element-size-lg vc_icon_element-style- vc_icon_element-background-color-grey\" ><span class=\"vc_icon_element-icon fas fa-user-graduate\"   style=\"color:#083b72 !important\"><\/span><\/div><\/div><h4 style=\"text-align: center\"   class=\"vc_custom_heading\" >Aprende m\u00e1s.<\/h4>\n\t<div class=\"wpb_text_column wpb_content_element\" >\n\t\t<div class=\"wpb_wrapper\">\n\t\t\t<p style=\"text-align: center;\">Accede a los recursos gratuitos de TAT y aprende m\u00e1s sobre lo que puedes hacer para luchar contra la trata de personas.<\/p>\n\n\t\t<\/div>\n\t<\/div>\n<\/div><\/div><\/div><\/div><div class=\"vc_row-full-width vc_clearfix\"><\/div><div class=\"vc_row wpb_row vc_row-fluid app-icons wpb_animate_when_almost_visible wpb_fadeInUp fadeInUp vc_custom_1711064209592\"><div class=\"wpb_column vc_column_container vc_col-sm-12\"><div class=\"vc_column-inner\"><div class=\"wpb_wrapper\">\n\t<div class=\"wpb_text_column wpb_content_element  wpb_animate_when_almost_visible wpb_fadeInUp fadeInUp\" >\n\t\t<div class=\"wpb_wrapper\">\n\t\t\t<h1 style=\"text-align: center; color: #083b72; font-size: 40px;\"><strong>Haz la llamada, salva vidas.<\/strong><\/h1>\n\n\t\t<\/div>\n\t<\/div>\n<\/div><\/div><\/div><\/div><div id=\"tat-app\"   data-vc-full-width=\"true\"   data-vc-full-width-init=\"false\"   class=\"vc_row wpb_row vc_row-fluid app-icons wpb_animate_when_almost_visible wpb_fadeInUp fadeInUp vc_column-gap-35 vc_row-o-equal-height vc_row-o-content-middle vc_row-flex\"><div class=\"wpb_column vc_column_container vc_col-sm-6\"><div class=\"vc_column-inner\"><div class=\"wpb_wrapper\">\n\t<div  class=\"wpb_single_image wpb_content_element vc_align_center\">\n\t\t\n\t\t<figure class=\"wpb_wrapper vc_figure\">\n\t\t\t<div class=\"vc_single_image-wrapper   vc_box_border_grey\"><img width=\"625\"   height=\"625\"   src=\"https:\/\/education.truckersagainsttrafficking.org\/wp-content\/uploads\/2024\/03\/tat_app.webp\"   class=\"vc_single_image-img attachment-large\"   alt=\"\"   loading=\"lazy\"   srcset=\"https:\/\/education.truckersagainsttrafficking.org\/wp-content\/uploads\/2024\/03\/tat_app.webp 800w, https:\/\/education.truckersagainsttrafficking.org\/wp-content\/uploads\/2024\/03\/tat_app-300x300.webp 300w, https:\/\/education.truckersagainsttrafficking.org\/wp-content\/uploads\/2024\/03\/tat_app-150x150.webp 150w, https:\/\/education.truckersagainsttrafficking.org\/wp-content\/uploads\/2024\/03\/tat_app-768x768.webp 768w, https:\/\/education.truckersagainsttrafficking.org\/wp-content\/uploads\/2024\/03\/tat_app-12x12.webp 12w, https:\/\/education.truckersagainsttrafficking.org\/wp-content\/uploads\/2024\/03\/tat_app-624x624.webp 624w, https:\/\/education.truckersagainsttrafficking.org\/wp-content\/uploads\/2024\/03\/tat_app-64x64.webp 64w\"   sizes=\"(max-width: 625px) 100vw, 625px\" \/><\/div>\n\t\t<\/figure>\n\t<\/div>\n<\/div><\/div><\/div><div class=\"wpb_column vc_column_container vc_col-sm-6\"><div class=\"vc_column-inner\"><div class=\"wpb_wrapper\">\n\t<div class=\"wpb_text_column wpb_content_element\" >\n\t\t<div class=\"wpb_wrapper\">\n\t\t\t<p>La app de TAT puede ayudarte a identificar y reportar casos de trata de personas mientras est\u00e1s en movimiento. Descarga la app de TAT hoy mismo para ayudarte a identificar y reportar casos de trata de personas. La app de TAT incluye la opci\u00f3n de filtrar contenido basado en tu experiencia diaria, reconocer se\u00f1ales de alerta, identificar los mejores n\u00fameros para reportar trata de personas seg\u00fan tu ubicaci\u00f3n y la opci\u00f3n de informar a TAT sobre lo que ves en la carretera y en tu comunidad. Tambi\u00e9n puedes recibir noticias y notificaciones directamente de TAT, as\u00ed como acceder a nuestros cursos de formaci\u00f3n gratuitos en cualquier momento.<\/p>\n<p>Disponible para dispositivos Apple y Android en ingl\u00e9s, espa\u00f1ol y franc\u00e9s.<\/p>\n\n\t\t<\/div>\n\t<\/div>\n<div class=\"vc_row wpb_row vc_inner vc_row-fluid store-buttons vc_custom_1704405427061 vc_column-gap-10 vc_row-o-equal-height vc_row-o-content-middle vc_row-flex\"><div class=\"wpb_column vc_column_container vc_col-sm-6\"><div class=\"vc_column-inner\"><div class=\"wpb_wrapper\">\n\t<div  class=\"wpb_single_image wpb_content_element vc_align_left\">\n\t\t\n\t\t<figure class=\"wpb_wrapper vc_figure\">\n\t\t\t<a href=\"https:\/\/play.google.com\/store\/apps\/details?id=sherprog.walletcards.tat\"   target=\"_blank\"   class=\"vc_single_image-wrapper   vc_box_border_grey\"><img width=\"300\"   height=\"89\"   src=\"https:\/\/education.truckersagainsttrafficking.org\/wp-content\/uploads\/2024\/03\/google-play-badge-300x89-1.png\"   class=\"vc_single_image-img attachment-medium\"   alt=\"\"   loading=\"lazy\"   srcset=\"https:\/\/education.truckersagainsttrafficking.org\/wp-content\/uploads\/2024\/03\/google-play-badge-300x89-1.png 300w, https:\/\/education.truckersagainsttrafficking.org\/wp-content\/uploads\/2024\/03\/google-play-badge-300x89-1-18x5.png 18w\"   sizes=\"(max-width: 300px) 100vw, 300px\" \/><\/a>\n\t\t<\/figure>\n\t<\/div>\n<\/div><\/div><\/div><div class=\"wpb_column vc_column_container vc_col-sm-6\"><div class=\"vc_column-inner\"><div class=\"wpb_wrapper\">\n\t<div  class=\"wpb_single_image wpb_content_element vc_align_left\">\n\t\t\n\t\t<figure class=\"wpb_wrapper vc_figure\">\n\t\t\t<a href=\"https:\/\/apps.apple.com\/app\/truckers-against-trafficking\/id1208271857\"   target=\"_blank\"   class=\"vc_single_image-wrapper   vc_box_border_grey\"><img width=\"300\"   height=\"89\"   src=\"https:\/\/education.truckersagainsttrafficking.org\/wp-content\/uploads\/2024\/03\/apple-download-300x89-1.png\"   class=\"vc_single_image-img attachment-medium\"   alt=\"\"   loading=\"lazy\"   srcset=\"https:\/\/education.truckersagainsttrafficking.org\/wp-content\/uploads\/2024\/03\/apple-download-300x89-1.png 300w, https:\/\/education.truckersagainsttrafficking.org\/wp-content\/uploads\/2024\/03\/apple-download-300x89-1-18x5.png 18w\"   sizes=\"(max-width: 300px) 100vw, 300px\" \/><\/a>\n\t\t<\/figure>\n\t<\/div>\n<\/div><\/div><\/div><\/div><\/div><\/div><\/div><\/div><div class=\"vc_row-full-width vc_clearfix\"><\/div><\/section><div class=\"vc_row-full-width vc_clearfix\"><\/div><\/p>","protected":false},"excerpt":{"rendered":"Download and print the TAT wallet card. Use the TAT Wallet Card to stay aware and take action when you suspect human trafficking. If you would like a hard copy, email us at education@tatnonprofit.org with your mailing information. Over-the-road wallet card Local drivers wallet card Motorcoach and transit wallet card Did you know TAT has [...]","protected":false},"author":1,"featured_media":0,"parent":0,"menu_order":0,"comment_status":"closed","ping_status":"open","template":"page-templates\/full-width.php","meta":[],"_links":{"self":[{"href":"https:\/\/education.truckersagainsttrafficking.org\/es\/wp-json\/wp\/v2\/pages\/2448"}],"collection":[{"href":"https:\/\/education.truckersagainsttrafficking.org\/es\/wp-json\/wp\/v2\/pages"}],"about":[{"href":"https:\/\/education.truckersagainsttrafficking.org\/es\/wp-json\/wp\/v2\/types\/page"}],"author":[{"embeddable":true,"href":"https:\/\/education.truckersagainsttrafficking.org\/es\/wp-json\/wp\/v2\/users\/1"}],"replies":[{"embeddable":true,"href":"https:\/\/education.truckersagainsttrafficking.org\/es\/wp-json\/wp\/v2\/comments?post=2448"}],"version-history":[{"count":21,"href":"https:\/\/education.truckersagainsttrafficking.org\/es\/wp-json\/wp\/v2\/pages\/2448\/revisions"}],"predecessor-version":[{"id":391773,"href":"https:\/\/education.truckersagainsttrafficking.org\/es\/wp-json\/wp\/v2\/pages\/2448\/revisions\/391773"}],"wp:attachment":[{"href":"https:\/\/education.truckersagainsttrafficking.org\/es\/wp-json\/wp\/v2\/media?parent=2448"}],"curies":[{"name":"wp","href":"https:\/\/api.w.org\/{rel}","templated":true}]}}