{"id":2408,"date":"2015-05-05T13:28:52","date_gmt":"2015-05-05T13:28:52","guid":{"rendered":"http:\/\/education.truckersagainsttrafficking.org\/?page_id=2408"},"modified":"2024-09-11T22:11:06","modified_gmt":"2024-09-12T02:11:06","slug":"welcome-to-truckers-against-trafficking-training","status":"publish","type":"page","link":"https:\/\/education.truckersagainsttrafficking.org\/es\/","title":{"rendered":"Welcome to TAT &#8211; Human Trafficking Training"},"content":{"rendered":"<p><div class=\"vc_row wpb_row vc_row-fluid wpb_animate_when_almost_visible wpb_flipInX flipInX vc_custom_1726107061560 vc_row-has-fill\"  ><div class=\"wpb_column vc_column_container vc_col-sm-12\"><div class=\"vc_column-inner\"><div class=\"wpb_wrapper\">\n\t<div class=\"wpb_text_column wpb_content_element  large-font\" >\n\t\t<div class=\"wpb_wrapper\">\n\t\t\t<h4>\u00bfSab\u00eda que TAT ahora tiene un nuevo y mejorado portal de educaci\u00f3n?<\/h4>\n<p><strong><em>A partir del 12 de septiembre de 2024, se desactivar\u00e1 el registro de usuarios nuevos en este sitio.<\/em><\/strong> Por favor, visita <a href=\"https:\/\/train.tatnonprofit.org\/\">train.tatnonprofit.org<\/a> para usar nuestro portal nuevo. \u00a1Reg\u00edstrese gratuitamente y comience a aprender hoy mismo!<\/p>\n<p>Si usted es un usuario actual, ten en cuenta que no se transfiri\u00f3 ninguna informaci\u00f3n de usuario al nuevo sitio. Por favor, reg\u00edstrese en el sitio nuevo en <a href=\"https:\/\/train.tatnonprofit.org\/\">train.tatnonprofit.org<\/a> para acceder a nuestros programas de certificaci\u00f3n gratuitos.<\/p>\n\n\t\t<\/div>\n\t<\/div>\n<div class=\"vc_btn3-container vc_btn3-center vc_custom_1726106200700\" ><a class=\"vc_general vc_btn3 vc_btn3-size-lg vc_btn3-shape-rounded vc_btn3-style-flat vc_btn3-icon-right vc_btn3-color-info\"   href=\"https:\/\/train.tatnonprofit.org\/\"   title=\"\">Registrarse en el nuevo sitio <i class=\"vc_btn3-icon fas fa-arrow-circle-right\"><\/i><\/a><\/div>\n\t<div class=\"wpb_text_column wpb_content_element  large-font\" >\n\t\t<div class=\"wpb_wrapper\">\n\t\t\t<h3><strong>\u00bfBusca su certificado anterior?<\/strong><\/h3>\n<p>Si ya ha completado un curso (antes del 12 de septiembre de 2024) en el portal antiguo de TAT, su certificado todav\u00eda est\u00e1 disponible. <a href=\"https:\/\/education.truckersagainsttrafficking.org\/es\/my-courses\/\">Con\u00e9ctese a su cuenta<\/a> para acceder a los certificados que ya ha completado.<\/p>\n<h3><strong>\u00bfNecesita tomar un curso en espa\u00f1ol?<\/strong><\/h3>\n<p>Algunos cursos en espa\u00f1ol y franc\u00e9s canadiense estar\u00e1n disponibles pronto en el portal nuevo de TAT, pero mientras tanto, si necesita acceder a un curso en espa\u00f1ol (solamente), por favor contacta a nuestro equipo a <a href=\"mailto:train@tatnonprofit.org\">train@tatnonprofit.org<\/a>, y le registramos en el portal antiguo de TAT. Esto le permitir\u00e1 tomar los cursos disponibles en espa\u00f1ol.<\/p>\n<p>&nbsp;<\/p>\n<p><em>Nota: este sitio ser\u00e1 archivado el 31 de diciembre de 2024. Le recomendamos <a href=\"https:\/\/education.truckersagainsttrafficking.org\/es\/my-courses\/\">iniciar sesi\u00f3n<\/a> ahora y descargar cualquier certificado previamente completado. Cuando el sitio sea archivado, podremos compartir informaci\u00f3n sobre c\u00f3mo recuperar sus certificados antiguos. Por favor, env\u00eda un correo electr\u00f3nico a nuestro equipo a <a href=\"mailto:train@tatnonprofit.org\">train@tatnonprofit.org<\/a> con cualquier pregunta.<\/em><\/p>\n\n\t\t<\/div>\n\t<\/div>\n<\/div><\/div><\/div><\/div><div class=\"vc_row wpb_row vc_row-fluid vc_custom_1704988325613\"><div class=\"wpb_column vc_column_container vc_col-sm-12\"><div class=\"vc_column-inner\"><div class=\"wpb_wrapper\">\n\t<div class=\"wpb_raw_code wpb_content_element wpb_raw_html\" >\n\t\t<div class=\"wpb_wrapper\">\n\t\t\t<h2 style=\"color: #333;font-size:3em;font-weight:400;text-align:center;\">Aprende m\u00e1s sobre la Trata de Personas Hoy.<br \/>Haz la Diferencia Ma\u00f1ana.<\/h2>\n\t\t<\/div>\n\t<\/div>\n<\/div><\/div><\/div><\/div><div id=\"course-images\"   class=\"vc_row wpb_row vc_row-fluid vc_custom_1704994565458 vc_row-o-equal-height vc_row-flex\"><div class=\"wpb_animate_when_almost_visible wpb_fadeInRight fadeInRight wpb_column vc_column_container vc_col-sm-4 vc_col-lg-1\/5 vc_col-md-4 vc_col-xs-12\"><div class=\"vc_column-inner\"><div class=\"wpb_wrapper\">\n\t<div  class=\"wpb_single_image wpb_content_element vc_align_center\">\n\t\t\n\t\t<figure class=\"wpb_wrapper vc_figure\">\n\t\t\t<a href=\"https:\/\/education.truckersagainsttrafficking.org\/es\/my-courses\/my-courses\/\"   target=\"_self\"   class=\"vc_single_image-wrapper   vc_box_border_grey\"><img width=\"800\"   height=\"800\"   src=\"https:\/\/education.truckersagainsttrafficking.org\/wp-content\/uploads\/2017\/02\/ctat-training-course.jpg\"   class=\"vc_single_image-img attachment-full\"   alt=\"Certified Trucker Against Trafficking\" loading=\"lazy\" \/><\/a>\n\t\t<\/figure>\n\t<\/div>\n<h1 style=\"text-align: center\"   class=\"vc_custom_heading\" >Conductores de larga distancia<\/h1><div class=\"vc_separator wpb_content_element vc_separator_align_center vc_sep_width_100 vc_sep_pos_align_center vc_separator_no_text vc_sep_color_grey\"   ><span class=\"vc_sep_holder vc_sep_holder_l\"><span  class=\"vc_sep_line\"><\/span><\/span><span class=\"vc_sep_holder vc_sep_holder_r\"><span  class=\"vc_sep_line\"><\/span><\/span>\n<\/div>\n\t<div class=\"wpb_text_column wpb_content_element\" >\n\t\t<div class=\"wpb_wrapper\">\n\t\t\t<ul>\n<li>\n<h2>video de 27 minutos<\/h2>\n<\/li>\n<li>\n<h2>Cuestionario y certificado incluidos<\/h2>\n<\/li>\n<\/ul>\n\n\t\t<\/div>\n\t<\/div>\n<\/div><\/div><\/div><div class=\"wpb_animate_when_almost_visible wpb_fadeInRight fadeInRight wpb_column vc_column_container vc_col-sm-4 vc_col-lg-1\/5 vc_col-md-4 vc_col-xs-12\"><div class=\"vc_column-inner\"><div class=\"wpb_wrapper\">\n\t<div  class=\"wpb_single_image wpb_content_element vc_align_center\">\n\t\t\n\t\t<figure class=\"wpb_wrapper vc_figure\">\n\t\t\t<a href=\"https:\/\/education.truckersagainsttrafficking.org\/es\/my-courses\/my-courses\/\"   target=\"_self\"   class=\"vc_single_image-wrapper   vc_box_border_grey\"><img width=\"800\"   height=\"800\"   src=\"https:\/\/education.truckersagainsttrafficking.org\/wp-content\/uploads\/2021\/10\/local-driver-course-cover-1.jpg\"   class=\"vc_single_image-img attachment-full\"  alt=\"\" loading=\"lazy\" \/><\/a>\n\t\t<\/figure>\n\t<\/div>\n<h1 style=\"text-align: center\"   class=\"vc_custom_heading\" >Conductores locales<\/h1><div class=\"vc_separator wpb_content_element vc_separator_align_center vc_sep_width_100 vc_sep_pos_align_center vc_separator_no_text vc_sep_color_grey\"   ><span class=\"vc_sep_holder vc_sep_holder_l\"><span  class=\"vc_sep_line\"><\/span><\/span><span class=\"vc_sep_holder vc_sep_holder_r\"><span  class=\"vc_sep_line\"><\/span><\/span>\n<\/div>\n\t<div class=\"wpb_text_column wpb_content_element\" >\n\t\t<div class=\"wpb_wrapper\">\n\t\t\t<ul>\n<li>\n<h2>video de 22 minutos<\/h2>\n<\/li>\n<li>\n<h2>Cuestionario y certificado incluidos<\/h2>\n<\/li>\n<\/ul>\n\n\t\t<\/div>\n\t<\/div>\n<\/div><\/div><\/div><div class=\"wpb_animate_when_almost_visible wpb_fadeInRight fadeInRight wpb_column vc_column_container vc_col-sm-4 vc_col-lg-1\/5 vc_col-md-4 vc_col-xs-12\"><div class=\"vc_column-inner\"><div class=\"wpb_wrapper\">\n\t<div  class=\"wpb_single_image wpb_content_element vc_align_center\">\n\t\t\n\t\t<figure class=\"wpb_wrapper vc_figure\">\n\t\t\t<a href=\"https:\/\/education.truckersagainsttrafficking.org\/es\/my-courses\/my-courses\/\"   target=\"_self\"   class=\"vc_single_image-wrapper   vc_box_border_grey\"><img width=\"800\"   height=\"800\"   src=\"https:\/\/education.truckersagainsttrafficking.org\/wp-content\/uploads\/2022\/03\/Movers-and-In-Home-Delivery-Course-Cover-2.jpg\"   class=\"vc_single_image-img attachment-full\"  alt=\"\" loading=\"lazy\" \/><\/a>\n\t\t<\/figure>\n\t<\/div>\n<h1 style=\"text-align: center\"   class=\"vc_custom_heading\" >Mudanzas y Profesionales de Entregas a Domicilio<\/h1><div class=\"vc_separator wpb_content_element vc_separator_align_center vc_sep_width_100 vc_sep_pos_align_center vc_separator_no_text vc_sep_color_grey\"  ><span class=\"vc_sep_holder vc_sep_holder_l\"><span  class=\"vc_sep_line\"><\/span><\/span><span class=\"vc_sep_holder vc_sep_holder_r\"><span  class=\"vc_sep_line\"><\/span><\/span>\n<\/div>\n\t<div class=\"wpb_text_column wpb_content_element\" >\n\t\t<div class=\"wpb_wrapper\">\n\t\t\t<ul>\n<li>\n<h2>video de 23 minutos<\/h2>\n<\/li>\n<li>\n<h2>Cuestionario y certificado incluidos<\/h2>\n<\/li>\n<\/ul>\n\n\t\t<\/div>\n\t<\/div>\n<\/div><\/div><\/div><div class=\"wpb_animate_when_almost_visible wpb_fadeInRight fadeInRight wpb_column vc_column_container vc_col-sm-4 vc_col-lg-offset-0 vc_col-lg-1\/5 vc_col-md-offset-2 vc_col-md-4 vc_col-sm-offset-2 vc_col-xs-12\"><div class=\"vc_column-inner\"><div class=\"wpb_wrapper\">\n\t<div  class=\"wpb_single_image wpb_content_element vc_align_center\">\n\t\t\n\t\t<figure class=\"wpb_wrapper vc_figure\">\n\t\t\t<a href=\"https:\/\/education.truckersagainsttrafficking.org\/es\/my-courses\/my-courses\/\"   target=\"_self\"   class=\"vc_single_image-wrapper   vc_box_border_grey\"><img width=\"800\"   height=\"800\"   src=\"https:\/\/education.truckersagainsttrafficking.org\/wp-content\/uploads\/2022\/04\/School-Bus-Transportation-Course-Cover.jpg\"   class=\"vc_single_image-img attachment-full\"  alt=\"\" loading=\"lazy\" \/><\/a>\n\t\t<\/figure>\n\t<\/div>\n<h1 style=\"text-align: center\"   class=\"vc_custom_heading\" >Profesionales de Transporte Escolar<\/h1><div class=\"vc_separator wpb_content_element vc_separator_align_center vc_sep_width_100 vc_sep_pos_align_center vc_separator_no_text vc_sep_color_grey\" ><span class=\"vc_sep_holder vc_sep_holder_l\"><span  class=\"vc_sep_line\"><\/span><\/span><span class=\"vc_sep_holder vc_sep_holder_r\"><span  class=\"vc_sep_line\"><\/span><\/span>\n<\/div>\n\t<div class=\"wpb_text_column wpb_content_element\" >\n\t\t<div class=\"wpb_wrapper\">\n\t\t\t<ul>\n<li>\n<h2>video de 22 minutos<\/h2>\n<\/li>\n<li>\n<h2>Cuestionario y certificado incluidos<\/h2>\n<\/li>\n<\/ul>\n\n\t\t<\/div>\n\t<\/div>\n<\/div><\/div><\/div><div class=\"wpb_animate_when_almost_visible wpb_fadeInRight fadeInRight wpb_column vc_column_container vc_col-sm-4 vc_col-lg-1\/5 vc_col-md-4 vc_col-xs-12\"><div class=\"vc_column-inner\"><div class=\"wpb_wrapper\">\n\t<div  class=\"wpb_single_image wpb_content_element vc_align_center\">\n\t\t\n\t\t<figure class=\"wpb_wrapper vc_figure\">\n\t\t\t<a href=\"https:\/\/education.truckersagainsttrafficking.org\/es\/my-courses\/my-courses\/\"   target=\"_self\"   class=\"vc_single_image-wrapper   vc_box_border_grey\"><img width=\"800\"   height=\"800\"   src=\"https:\/\/education.truckersagainsttrafficking.org\/wp-content\/uploads\/2024\/01\/Bus-Transportation-Course-Cover.jpg\"   class=\"vc_single_image-img attachment-full\"  alt=\"\" loading=\"lazy\" \/><\/a>\n\t\t<\/figure>\n\t<\/div>\n<h1 style=\"text-align: center\"   class=\"vc_custom_heading\" >Profesionales del Transporte P\u00fablico y Autobuses de Turismo<\/h1><div class=\"vc_separator wpb_content_element vc_separator_align_center vc_sep_width_100 vc_sep_pos_align_center vc_separator_no_text vc_sep_color_grey\" ><span class=\"vc_sep_holder vc_sep_holder_l\"><span  class=\"vc_sep_line\"><\/span><\/span><span class=\"vc_sep_holder vc_sep_holder_r\"><span  class=\"vc_sep_line\"><\/span><\/span>\n<\/div>\n\t<div class=\"wpb_text_column wpb_content_element\" >\n\t\t<div class=\"wpb_wrapper\">\n\t\t\t<ul>\n<li>\n<h2>video de 33 minutos<\/h2>\n<\/li>\n<li>\n<h2>Cuestionario y certificado incluidos<\/h2>\n<\/li>\n<\/ul>\n\n\t\t<\/div>\n\t<\/div>\n<\/div><\/div><\/div><\/div><div class=\"vc_row wpb_row vc_row-fluid\"><div class=\"wpb_column vc_column_container vc_col-sm-2\"><div class=\"vc_column-inner\"><div class=\"wpb_wrapper\"><\/div><\/div><\/div><div class=\"wpb_column vc_column_container vc_col-sm-8\"><div class=\"vc_column-inner\"><div class=\"wpb_wrapper\"><section class=\"vc_cta3-container\"><div class=\"vc_general vc_cta3 vc_cta3-style-flat vc_cta3-shape-rounded vc_cta3-align-center vc_cta3-color-white vc_cta3-icon-size-md vc_cta3-actions-bottom\"><div class=\"vc_cta3_content-container\"><div class=\"vc_cta3-content\"><header class=\"vc_cta3-content-header\"><h2 style=\"font-size: 3em;color: #333333;font-family:Open Sans;font-weight:400;font-style:normal\"   class=\"vc_custom_heading\" >\u00a1Convi\u00e9rtete en un conductor capacitado por TAT hoy mismo!<\/h2><\/header><h1>Para acceder a la descripci\u00f3n del curso y al contenido en video, por favor reg\u00edstrate a continuaci\u00f3n.<\/h1>\n<\/div><div class=\"vc_cta3-actions\"><div class=\"vc_btn3-container vc_btn3-center\" ><a class=\"vc_general vc_btn3 vc_btn3-size-lg vc_btn3-shape-rounded vc_btn3-style-flat vc_btn3-icon-left vc_btn3-color-info\"   href=\"https:\/\/education.truckersagainsttrafficking.org\/es\/my-courses\/my-courses\/\"   title=\"\"><i class=\"vc_btn3-icon fas fa-arrow-alt-circle-right\"><\/i> Comienza a aprender<\/a><\/div><\/div><\/div><\/div><\/section><\/div><\/div><\/div><div class=\"wpb_column vc_column_container vc_col-sm-2\"><div class=\"vc_column-inner\"><div class=\"wpb_wrapper\"><\/div><\/div><\/div><\/div><\/p>","protected":false},"excerpt":{"rendered":"Did you know TAT now has a new and improved education portal? As of Sept. 12, 2024, all new user registration will be turned off on this site. Please visit train.tatnonprofit.org to experience our new portal website. Register for free and begin learning today! If you are a current user, please note that no user [...]","protected":false},"author":1,"featured_media":0,"parent":0,"menu_order":0,"comment_status":"closed","ping_status":"open","template":"page-templates\/full-width.php","meta":[],"_links":{"self":[{"href":"https:\/\/education.truckersagainsttrafficking.org\/es\/wp-json\/wp\/v2\/pages\/2408"}],"collection":[{"href":"https:\/\/education.truckersagainsttrafficking.org\/es\/wp-json\/wp\/v2\/pages"}],"about":[{"href":"https:\/\/education.truckersagainsttrafficking.org\/es\/wp-json\/wp\/v2\/types\/page"}],"author":[{"embeddable":true,"href":"https:\/\/education.truckersagainsttrafficking.org\/es\/wp-json\/wp\/v2\/users\/1"}],"replies":[{"embeddable":true,"href":"https:\/\/education.truckersagainsttrafficking.org\/es\/wp-json\/wp\/v2\/comments?post=2408"}],"version-history":[{"count":71,"href":"https:\/\/education.truckersagainsttrafficking.org\/es\/wp-json\/wp\/v2\/pages\/2408\/revisions"}],"predecessor-version":[{"id":425153,"href":"https:\/\/education.truckersagainsttrafficking.org\/es\/wp-json\/wp\/v2\/pages\/2408\/revisions\/425153"}],"wp:attachment":[{"href":"https:\/\/education.truckersagainsttrafficking.org\/es\/wp-json\/wp\/v2\/media?parent=2408"}],"curies":[{"name":"wp","href":"https:\/\/api.w.org\/{rel}","templated":true}]}}