{"id":216896,"date":"2021-11-09T10:34:50","date_gmt":"2021-11-09T15:34:50","guid":{"rendered":"https:\/\/education.truckersagainsttrafficking.org\/?page_id=216896"},"modified":"2024-03-21T18:34:39","modified_gmt":"2024-03-21T22:34:39","slug":"contact-us","status":"publish","type":"page","link":"https:\/\/education.truckersagainsttrafficking.org\/es\/contact-us\/","title":{"rendered":"Cont\u00e1ctanos"},"content":{"rendered":"<div class=\"vc_row wpb_row vc_row-fluid\" ><div class=\"wpb_column vc_column_container vc_col-sm-12\"><div class=\"vc_column-inner\"><div class=\"wpb_wrapper\">\n\t<div  class=\"wpb_single_image wpb_content_element vc_align_center\">\n\t\t\n\t\t<figure class=\"wpb_wrapper vc_figure\">\n\t\t\t<div class=\"vc_single_image-wrapper   vc_box_border_grey\"><\/div>\n\t\t<\/figure>\n\t<\/div>\n\n\t<div class=\"wpb_text_column wpb_content_element\" >\n\t\t<div class=\"wpb_wrapper\">\n\t\t\t<p dir=\"ltr\"><span style=\"color: #333333;\">Si tienes alguna pregunta o est\u00e1s teniendo dificultades para obtener la certificaci\u00f3n, nuestro personal estar\u00e1 encantado de ayudarte. No dudes en contactarnos por correo electr\u00f3nico, y trataremos de responderte lo antes posible. <span style=\"font-family: arial, sans-serif;\">Por favor, ten en cuenta que podr\u00eda ser un d\u00eda h\u00e1bil.<\/span><\/span><\/p>\n<h2 dir=\"ltr\"   style=\"text-align: center;\"><a href=\"mailto:education@tatnonprofit.org\">education@tatnonprofit.org<\/a><\/h2>\n<hr \/>\n<h3 dir=\"ltr\"><span style=\"color: #333333; font-family: arial, sans-serif;\"><b>Si est\u00e1s teniendo dificultades t\u00e9cnicas, por favor intenta lo siguiente:<\/b>\u00a0<\/span><\/h3>\n<div>\n<ul>\n<li style=\"list-style-type: none;\">\n<ul>\n<li><span style=\"color: #333333; font-family: arial, sans-serif;\" >Aseg\u00farate de estar usando Chrome, Firefox, Safari o Edge como navegador (<em>El sitio web no funcionar\u00e1 correctamente en Internet Explorer).<\/em>).\u00a0<\/span><\/li>\n<li><span style=\"font-family: arial, sans-serif; color: #333333;\">Borra tu cach\u00e9 (cookies o historial de navegaci\u00f3n).<\/span><\/li>\n<li><span style=\"color: #333333; font-family: arial, sans-serif;\">Una vez que est\u00e9s seguro de que est\u00e1s usando un navegador adecuado y hayas borrado tu cach\u00e9, inicia sesi\u00f3n nuevamente en<wbr \/>truckersagainsttrafficking.org<\/span><\/li>\n<\/ul>\n<\/li>\n<\/ul>\n<hr \/>\n<p><span style=\"color: #333333; font-family: arial, sans-serif;\"><b>Para asuntos que requieran atenci\u00f3n inmediata, por favor env\u00eda un mensaje de texto al (612) 888-2050, indicando que has enviado un correo electr\u00f3nico, y se dar\u00e1 prioridad a tu solicitud. Si env\u00edas un mensaje de texto, aseg\u00farate de incluir tu nombre y direcci\u00f3n de correo electr\u00f3nico para que podamos hacer referencia a tu solicitud inicial.\u00a0<\/b><\/span><\/p>\n<\/div>\n\n\t\t<\/div>\n\t<\/div>\n<\/div><\/div><\/div><\/div>","protected":false},"excerpt":{"rendered":"If you have any questions or are having difficulty getting certified, our staff will be happy to help. Feel free to contact us by email, and we will try to get back with you as soon as possible. Please note it could be one business day. education@tatnonprofit.org If you are having technical difficulties, please try [...]","protected":false},"author":198064,"featured_media":0,"parent":0,"menu_order":0,"comment_status":"closed","ping_status":"closed","template":"","meta":[],"_links":{"self":[{"href":"https:\/\/education.truckersagainsttrafficking.org\/es\/wp-json\/wp\/v2\/pages\/216896"}],"collection":[{"href":"https:\/\/education.truckersagainsttrafficking.org\/es\/wp-json\/wp\/v2\/pages"}],"about":[{"href":"https:\/\/education.truckersagainsttrafficking.org\/es\/wp-json\/wp\/v2\/types\/page"}],"author":[{"embeddable":true,"href":"https:\/\/education.truckersagainsttrafficking.org\/es\/wp-json\/wp\/v2\/users\/198064"}],"replies":[{"embeddable":true,"href":"https:\/\/education.truckersagainsttrafficking.org\/es\/wp-json\/wp\/v2\/comments?post=216896"}],"version-history":[{"count":7,"href":"https:\/\/education.truckersagainsttrafficking.org\/es\/wp-json\/wp\/v2\/pages\/216896\/revisions"}],"predecessor-version":[{"id":391729,"href":"https:\/\/education.truckersagainsttrafficking.org\/es\/wp-json\/wp\/v2\/pages\/216896\/revisions\/391729"}],"wp:attachment":[{"href":"https:\/\/education.truckersagainsttrafficking.org\/es\/wp-json\/wp\/v2\/media?parent=216896"}],"curies":[{"name":"wp","href":"https:\/\/api.w.org\/{rel}","templated":true}]}}