{"id":216408,"date":"2021-11-07T02:28:08","date_gmt":"2021-11-07T02:28:08","guid":{"rendered":"https:\/\/education.truckersagainsttrafficking.org\/?page_id=216408"},"modified":"2021-11-08T22:44:27","modified_gmt":"2021-11-08T22:44:27","slug":"over-the-road-courses","status":"publish","type":"page","link":"https:\/\/education.truckersagainsttrafficking.org\/es\/over-the-road-courses\/","title":{"rendered":"Cursos para Conductores de Larga Distancia"},"content":{"rendered":"<div data-vc-full-width=\"true\"   data-vc-full-width-init=\"false\"  class=\"vc_row wpb_row vc_row-fluid\"><div class=\"wpb_column vc_column_container vc_col-sm-12\"><div class=\"vc_column-inner\"><div class=\"wpb_wrapper\">\n\t<div class=\"wpb_text_column wpb_content_element\" >\n\t\t<div class=\"wpb_wrapper\">\n\t\t\t<h2 id=\"main-title\"   style=\"font-size: 2.2em; font-family: 'Open Sans'  , Helvetica, Arial, sans-serif; font-weight: bold; font-style: normal; text-transform: uppercase; padding: 0 5%;\">Cursos para Conductores de Larga Distancia<\/h2>\n\n\t\t<\/div>\n\t<\/div>\n\n\t<div class=\"wpb_text_column wpb_content_element  tat-course-description\" >\n\t\t<div class=\"wpb_wrapper\">\n\t\t\t<p style=\"font-size: 1rem; line-height: 1.5rem; padding: 0 5%;\">Para completar uno de estos programas de certificaci\u00f3n, debes demostrar tu conocimiento sobre el problema de la trata de personas y c\u00f3mo un conductor de larga distancia, como t\u00fa, puede desempe\u00f1ar un papel vital en la lucha contra este delito.<\/p>\n\n\t\t<\/div>\n\t<\/div>\n\n\t<div class=\"wpb_text_column wpb_content_element\" >\n\t\t<div class=\"wpb_wrapper\">\n\t\t\t<div class=\"llms-loop\">\n\t<ul class=\"llms-loop-list llms-Over-The-Road Drivers-list cols-3\">\n<li class=\"llms-loop-item post-2883 course type-course status-publish has-post-thumbnail hentry course_cat-otr is-enrolled is-complete\">\r\n\t<div class=\"llms-loop-item-content\">\r\n\r\n\t<a class=\"llms-loop-link\"   href=\"https:\/\/education.truckersagainsttrafficking.org\/es\/course\/ctat-trained-certification-program-english\/\">\r\n\t<img src=\"https:\/\/education.truckersagainsttrafficking.org\/wp-content\/uploads\/2017\/02\/ctat-training-course.jpg\"   alt=\"CTAT Trained Certification Program &#8211; English\"  class=\"llms-featured-image wp-post-image\">\r\n\t<h4 class=\"llms-loop-title\">CTAT Trained Certification Program &#8211; English<\/h4>\r\n\r\n\t<footer class=\"llms-loop-item-footer\">\r\n\t\t\r\n\t\t<span class=\"llms-button llms-purchase-button\">Ver curso<\/span>\r\n\t\t\t<\/footer>\r\n\r\n\t<\/a><!-- .llms-loop-link -->\r\n\t<\/div><!-- .llms-loop-item-content -->\r\n<\/li><!-- .llms-loop-item -->\r\n<li class=\"llms-loop-item post-3371 course type-course status-publish has-post-thumbnail hentry course_cat-otr not-enrolled is-complete\">\r\n\t<div class=\"llms-loop-item-content\">\r\n\r\n\t<a class=\"llms-loop-link\"   href=\"https:\/\/education.truckersagainsttrafficking.org\/es\/course\/programa-de-certificacion-entrenado-ctat-espanol\/\">\r\n\t<img src=\"https:\/\/education.truckersagainsttrafficking.org\/wp-content\/uploads\/2017\/02\/ctat-training-course.jpg\"   alt=\"Programa de Certificaci\u00f3n Entrenado CTAT &#8211; Espa\u00f1ol\"   class=\"llms-featured-image wp-post-image\">\r\n\t<h4 class=\"llms-loop-title\">Programa de Certificaci\u00f3n Entrenado CTAT &#8211; Espa\u00f1ol<\/h4>\r\n\r\n\t<footer class=\"llms-loop-item-footer\">\r\n\t\t\r\n\t\t<span class=\"llms-button llms-purchase-button\">Ver curso<\/span>\r\n\t\t\t<\/footer>\r\n\r\n\t<\/a><!-- .llms-loop-link -->\r\n\t<\/div><!-- .llms-loop-item-content -->\r\n<\/li><!-- .llms-loop-item -->\r\n\t<\/ul>\n<\/div><!-- .llms-loop -->\n\n\n\t\t<\/div>\n\t<\/div>\n<\/div><\/div><\/div><\/div><div class=\"vc_row-full-width vc_clearfix\"><\/div>","protected":false},"excerpt":{"rendered":"<p>Course Information Categories: Over-The-Road Drivers &nbsp; &nbsp; Take This Course Curso de Certificaci\u00f3n Capacitado TAT 1 of 1 Mire el v\u00eddeo de capacitaci\u00f3n y tome la prueba Demuestre su conocimiento sobre el tema de la trata de personas y c\u00f3mo, espec\u00edficamente, un miembro de la industria del transporte por carretera como usted puede desempe\u00f1ar un [&hellip;]<\/p>","protected":false},"author":1,"featured_media":0,"parent":0,"menu_order":0,"comment_status":"closed","ping_status":"closed","template":"","meta":[],"_links":{"self":[{"href":"https:\/\/education.truckersagainsttrafficking.org\/es\/wp-json\/wp\/v2\/pages\/216408"}],"collection":[{"href":"https:\/\/education.truckersagainsttrafficking.org\/es\/wp-json\/wp\/v2\/pages"}],"about":[{"href":"https:\/\/education.truckersagainsttrafficking.org\/es\/wp-json\/wp\/v2\/types\/page"}],"author":[{"embeddable":true,"href":"https:\/\/education.truckersagainsttrafficking.org\/es\/wp-json\/wp\/v2\/users\/1"}],"replies":[{"embeddable":true,"href":"https:\/\/education.truckersagainsttrafficking.org\/es\/wp-json\/wp\/v2\/comments?post=216408"}],"version-history":[{"count":5,"href":"https:\/\/education.truckersagainsttrafficking.org\/es\/wp-json\/wp\/v2\/pages\/216408\/revisions"}],"predecessor-version":[{"id":216676,"href":"https:\/\/education.truckersagainsttrafficking.org\/es\/wp-json\/wp\/v2\/pages\/216408\/revisions\/216676"}],"wp:attachment":[{"href":"https:\/\/education.truckersagainsttrafficking.org\/es\/wp-json\/wp\/v2\/media?parent=216408"}],"curies":[{"name":"wp","href":"https:\/\/api.w.org\/{rel}","templated":true}]}}