{"id":171,"date":"2015-04-23T19:15:33","date_gmt":"2015-04-23T19:15:33","guid":{"rendered":"http:\/\/education.truckersagainsttrafficking.org\/my-courses\/"},"modified":"2024-09-13T11:33:28","modified_gmt":"2024-09-13T15:33:28","slug":"my-courses","status":"publish","type":"page","link":"https:\/\/education.truckersagainsttrafficking.org\/es\/my-courses\/","title":{"rendered":"Mis Cursos"},"content":{"rendered":"<p><div id=\"tat-message\"   class=\"vc_row wpb_row vc_row-fluid wpb_animate_when_almost_visible wpb_flipInX flipInX vc_custom_1726241547372 vc_row-has-fill\"><div class=\"wpb_column vc_column_container vc_col-sm-12\"><div class=\"vc_column-inner\"><div class=\"wpb_wrapper\">\n\t<div class=\"wpb_text_column wpb_content_element  large-font\" >\n\t\t<div class=\"wpb_wrapper\">\n\t\t\t<h4>\u00bfSab\u00eda que TAT ahora tiene un nuevo y mejorado portal de educaci\u00f3n?<\/h4>\n<p><strong><em>A partir del 12 de septiembre de 2024, se desactivar\u00e1 el registro de usuarios nuevos en este sitio.<\/em><\/strong> Por favor, visita <a href=\"https:\/\/train.tatnonprofit.org\/\">train.tatnonprofit.org<\/a> para usar nuestro portal nuevo. \u00a1Reg\u00edstrese gratuitamente y comience a aprender hoy mismo!<\/p>\n<p>Si usted es un usuario actual, ten en cuenta que no se transfiri\u00f3 ninguna informaci\u00f3n de usuario al nuevo sitio. Por favor, reg\u00edstrese en el sitio nuevo en <a href=\"https:\/\/train.tatnonprofit.org\/\">train.tatnonprofit.org<\/a> para acceder a nuestros programas de certificaci\u00f3n gratuitos.<\/p>\n\n\t\t<\/div>\n\t<\/div>\n<div class=\"vc_btn3-container vc_btn3-center vc_custom_1726106200700\" ><a class=\"vc_general vc_btn3 vc_btn3-size-lg vc_btn3-shape-rounded vc_btn3-style-flat vc_btn3-icon-right vc_btn3-color-info\"   href=\"https:\/\/train.tatnonprofit.org\/\"   title=\"\">Registrarse en el nuevo sitio <i class=\"vc_btn3-icon fas fa-arrow-circle-right\"><\/i><\/a><\/div>\n\t<div class=\"wpb_text_column wpb_content_element  large-font\" >\n\t\t<div class=\"wpb_wrapper\">\n\t\t\t<h3><strong>\u00bfBusca su certificado anterior?<\/strong><\/h3>\n<p>If you have previously passed a course (before Sept. 12, 2024) on the old TAT portal, your certificate is still available. Log in to your account below\u00a0to access certificates you have already completed.<\/p>\n<h3><strong>\u00bfNecesita tomar un curso en espa\u00f1ol?<\/strong><\/h3>\n<p>Algunos cursos en espa\u00f1ol y franc\u00e9s canadiense estar\u00e1n disponibles pronto en el portal nuevo de TAT, pero mientras tanto, si necesita acceder a un curso en espa\u00f1ol (solamente), por favor contacta a nuestro equipo a <a href=\"mailto:train@tatnonprofit.org\">train@tatnonprofit.org<\/a>, y le registramos en el portal antiguo de TAT. Esto le permitir\u00e1 tomar los cursos disponibles en espa\u00f1ol.<\/p>\n<p>&nbsp;<\/p>\n<p><em>Please note: this site will be archived on Dec. 31, 2024. We recommend you log in below now and download any previously completed certificates. Once the site is archived, we can share information about how to best retrieve your old certificates. Please email our team at <a href=\"mailto:train@tatnonprofit.org\">train@tatnonprofit.org<\/a> con cualquier pregunta.<\/em><\/p>\n\n\t\t<\/div>\n\t<\/div>\n<\/div><\/div><\/div><\/div><div id=\"tat-log-in\"   class=\"vc_row wpb_row vc_row-fluid\"><div class=\"wpb_column vc_column_container vc_col-sm-12\"><div class=\"vc_column-inner\"><div class=\"wpb_wrapper\">\n\t<div class=\"wpb_text_column wpb_content_element  liferlms-lrp\" >\n\t\t<div class=\"wpb_wrapper\">\n\t\t\t<div class=\"lifterlms\"><div class=\"llms-student-dashboard dashboard\"   data-current=\"dashboard\">\n\n\n<div class=\"llms-person-login-form-wrapper\">\n\n\t<form action=\"\"   class=\"llms-login\"  method=\"POST\" data-trp-original-action=\"\">\n\n\t\t<h4 class=\"llms-form-heading\">Login<\/h4>\n\n\t\t<div class=\"llms-form-fields\">\n\n\t\t\t\n\t\t\t\t\t\t\t<div class=\"llms-form-field type-email llms-cols-6 llms-is-required\"><label for=\"llms_login\">Email Address<span class=\"llms-required\">*<\/span><\/label><input class=\"llms-field-input\"   id=\"llms_login\"   name=\"llms_login\"   required=\"required\"   type=\"email\" \/><\/div>\t\t\t\t\t\t\t<div class=\"llms-form-field type-password llms-cols-6 llms-cols-last llms-is-required\"><label for=\"llms_password\">Password<span class=\"llms-required\">*<\/span><\/label><input class=\"llms-field-input\"   id=\"llms_password\"   name=\"llms_password\"   required=\"required\"   type=\"password\" \/><\/div><div class=\"clear\"><\/div>\t\t\t\t\t\t\t<div class=\"llms-form-field type-submit llms-cols-3\"><button class=\"llms-field-button llms-button-action\"   id=\"llms_login_button\"   name=\"llms_login_button\"   type=\"submit\"  value=\"Login\">Login<\/button><\/div>\t\t\t\t\t\t\t<div class=\"llms-form-field type-checkbox llms-cols-6\"><input class=\"llms-field-checkbox\"   id=\"llms_remember\"   name=\"llms_remember\"   type=\"checkbox\" \/><label for=\"llms_remember\">Remember me<\/label><\/div>\t\t\t\t\t\t\t<div class=\"llms-form-field type-html llms-cols-3 llms-cols-last align-right\"><div class=\"llms-field-html\"   id=\"llms_lost_password\"><\/div><span class=\"llms-description\"><a href=\"https:\/\/education.truckersagainsttrafficking.org\/es\/my-courses\/lost-password\/\">Lost your password?<\/a><\/span><\/div><div class=\"clear\"><\/div>\t\t\t\n\t\t\t<input type=\"hidden\"   id=\"_llms_login_user_nonce\"   name=\"_llms_login_user_nonce\"   value=\"6f7cfb0600\" \/><input type=\"hidden\"   name=\"_wp_http_referer\"   value=\"\/es\/wp-json\/wp\/v2\/pages\/171\" \/>\t\t\t<input type=\"hidden\"   name=\"redirect\"   value=\"https:\/\/education.truckersagainsttrafficking.org\/es\/my-courses\/\" \/>\n\t\t\t<input type=\"hidden\"   name=\"action\"  value=\"llms_login_user\" \/>\n\n\t\t\t\n\t\t<\/div>\n\n\t<input type=\"hidden\"  name=\"trp-form-language\"  value=\"es\"\/><\/form>\n\n<\/div>\n\n<\/div><!-- .llms-student-dashboard --><\/div>\n\n\t\t<\/div>\n\t<\/div>\n<\/div><\/div><\/div><\/div><\/p>","protected":false},"excerpt":{"rendered":"Did you know TAT now has a new and improved education portal? As of Sept. 12, 2024, all new user registration will be turned off on this site. Please visit train.tatnonprofit.org to experience our new portal website. Register for free and begin learning today! If you are a current user, please note that no user [...]","protected":false},"author":1,"featured_media":0,"parent":0,"menu_order":0,"comment_status":"closed","ping_status":"open","template":"","meta":[],"_links":{"self":[{"href":"https:\/\/education.truckersagainsttrafficking.org\/es\/wp-json\/wp\/v2\/pages\/171"}],"collection":[{"href":"https:\/\/education.truckersagainsttrafficking.org\/es\/wp-json\/wp\/v2\/pages"}],"about":[{"href":"https:\/\/education.truckersagainsttrafficking.org\/es\/wp-json\/wp\/v2\/types\/page"}],"author":[{"embeddable":true,"href":"https:\/\/education.truckersagainsttrafficking.org\/es\/wp-json\/wp\/v2\/users\/1"}],"replies":[{"embeddable":true,"href":"https:\/\/education.truckersagainsttrafficking.org\/es\/wp-json\/wp\/v2\/comments?post=171"}],"version-history":[{"count":13,"href":"https:\/\/education.truckersagainsttrafficking.org\/es\/wp-json\/wp\/v2\/pages\/171\/revisions"}],"predecessor-version":[{"id":425171,"href":"https:\/\/education.truckersagainsttrafficking.org\/es\/wp-json\/wp\/v2\/pages\/171\/revisions\/425171"}],"wp:attachment":[{"href":"https:\/\/education.truckersagainsttrafficking.org\/es\/wp-json\/wp\/v2\/media?parent=171"}],"curies":[{"name":"wp","href":"https:\/\/api.w.org\/{rel}","templated":true}]}}